{"id":174,"date":"2020-03-31T10:16:18","date_gmt":"2020-03-31T10:16:18","guid":{"rendered":"https:\/\/sigea.pt\/?page_id=174"},"modified":"2026-04-02T03:04:33","modified_gmt":"2026-04-02T02:04:33","slug":"uniformes","status":"publish","type":"page","link":"https:\/\/sigea.stageserver.com.br\/en\/uniformes\/","title":{"rendered":"Uniform"},"content":{"rendered":"<div id=\"fws_69eb261d8b92f\"  data-column-margin=\"default\" data-midnight=\"light\" data-top-percent=\"25%\" data-bottom-percent=\"5%\"  class=\"wpb_row vc_row-fluid vc_row full-width-section\"  style=\"padding-top: calc(100vw * 0.25); padding-bottom: calc(100vw * 0.05); \"><div class=\"row-bg-wrap\" data-bg-animation=\"none\" data-bg-overlay=\"true\"><div class=\"inner-wrap using-image\"><div class=\"row-bg viewport-desktop using-image\"  style=\"background-image: url(https:\/\/sigea.stageserver.com.br\/wp-content\/uploads\/2025\/08\/informacoes-02-uniformes.jpg); background-position: center center; background-repeat: no-repeat; \"><\/div><\/div><div class=\"row-bg-overlay\" style=\"background-color:#020202;  opacity: 0.5; \"><\/div><\/div><div class=\"row_col_wrap_12 col span_12 light left\">\n\t<div  class=\"vc_col-sm-12 wpb_column column_container vc_column_container col no-extra-padding inherit_tablet inherit_phone\"  data-padding-pos=\"all\" data-has-bg-color=\"false\" data-bg-color=\"\" data-bg-opacity=\"1\" data-animation=\"\" data-delay=\"0\" >\n\t\t<div class=\"vc_column-inner\" >\n\t\t\t<div class=\"wpb_wrapper\">\n\t\t\t\t\r\n<div class=\"wpb_text_column wpb_content_element\" >\r\n\t<div class=\"wpb_wrapper\">\r\n\t\t<h1>Uniform<\/h1>\n\t<\/div>\r\n<\/div>\r\n\r\n\r\n\r\n\n\t\t\t<\/div> \n\t\t<\/div>\n\t<\/div> \n<\/div><\/div>\r\n\t\t<div id=\"fws_69eb261d8cb72\"  data-column-margin=\"default\" data-midnight=\"dark\"  class=\"wpb_row vc_row-fluid vc_row\"  style=\"padding-top: 0px; padding-bottom: 0px; \"><div class=\"row-bg-wrap\" data-bg-animation=\"none\" data-bg-overlay=\"false\"><div class=\"inner-wrap\"><div class=\"row-bg viewport-desktop\"  style=\"\"><\/div><\/div><\/div><div class=\"row_col_wrap_12 col span_12 dark left\">\n\t<div  class=\"vc_col-sm-8 wpb_column column_container vc_column_container col padding-5-percent inherit_tablet inherit_phone\"  data-padding-pos=\"top\" data-has-bg-color=\"false\" data-bg-color=\"\" data-bg-opacity=\"1\" data-animation=\"\" data-delay=\"0\" >\n\t\t<div class=\"vc_column-inner\" >\n\t\t\t<div class=\"wpb_wrapper\">\n\t\t\t\t\r\n<div class=\"wpb_text_column wpb_content_element\" >\r\n\t<div class=\"wpb_wrapper\">\r\n\t\t<h3>Our schools Uniform consists of:<\/h3>\n\t<\/div>\r\n<\/div>\r\n\r\n\r\n\r\n\n\t\t\t<\/div> \n\t\t<\/div>\n\t<\/div> \n\n\t<div  class=\"vc_col-sm-4 wpb_column column_container vc_column_container col no-extra-padding inherit_tablet inherit_phone\"  data-padding-pos=\"all\" data-has-bg-color=\"false\" data-bg-color=\"\" data-bg-opacity=\"1\" data-animation=\"\" data-delay=\"0\" >\n\t\t<div class=\"vc_column-inner\" >\n\t\t\t<div class=\"wpb_wrapper\">\n\t\t\t\t\n\t\t\t<\/div> \n\t\t<\/div>\n\t<\/div> \n<\/div><\/div>\r\n\t\t<div id=\"expressoes\"  data-column-margin=\"default\" data-midnight=\"dark\"  class=\"wpb_row vc_row-fluid vc_row\"  style=\"padding-top: 0px; padding-bottom: 0px; \"><div class=\"row-bg-wrap\" data-bg-animation=\"none\" data-bg-overlay=\"false\"><div class=\"inner-wrap\"><div class=\"row-bg viewport-desktop\"  style=\"\"><\/div><\/div><\/div><div class=\"row_col_wrap_12 col span_12 dark left\">\n\t<div  class=\"vc_col-sm-8 wpb_column column_container vc_column_container col no-extra-padding inherit_tablet inherit_phone\"  data-padding-pos=\"all\" data-has-bg-color=\"false\" data-bg-color=\"\" data-bg-opacity=\"1\" data-animation=\"\" data-delay=\"0\" >\n\t\t<div class=\"vc_column-inner\" >\n\t\t\t<div class=\"wpb_wrapper\">\n\t\t\t\t\r\n<div class=\"wpb_text_column wpb_content_element\" >\r\n\t<div class=\"wpb_wrapper\">\r\n\t\t<p><strong>Educa\u00e7\u00e3o Pr\u00e9-Escolar, 1.\u00ba, 2.\u00ba e 3\u00ba anos | Maple Bear<\/strong><br \/>\nO fornecedor \u00e9 &#8220;Bold Uniforms&#8221; (Fernando Medeiros) e as compras s\u00e3o efetuadas atrav\u00e9s da loja online &#8211; <a href=\"https:\/\/www.bolduniforms.pt\/\" target=\"_blank\" rel=\"noopener\">www.bolduniforms.pt<\/a> \u2013 ou via e-mail \u2013 <a href=\"mailto:uniforms@bolduniforms.pt\" target=\"_blank\" rel=\"noopener\">uniforms@bolduniforms.pt<\/a><\/p>\n<p>O uniforme \u00e9 composto por:<\/p>\n<ul>\n<li>Masculino: polo branco do Col\u00e9gio, casaco vermelho do Col\u00e9gio, cal\u00e7as ou cal\u00e7\u00f5es cinzentos e meias cinzento-escuras;<\/li>\n<li>Feminino: polo branco do Col\u00e9gio, casaco vermelho do Col\u00e9gio, saia cinzenta, saia cal\u00e7\u00e3o cinzenta, cal\u00e7as cinzentas, vestido vermelho do Col\u00e9gio, meias (ou collants) cinzento-escuras;<\/li>\n<li>Educa\u00e7\u00e3o F\u00edsica: t-shirt branca do Col\u00e9gio, sweatshirt vermelha do Col\u00e9gio, cal\u00e7as ou cal\u00e7\u00f5es desportivos vermelhos do Col\u00e9gio, saia cal\u00e7\u00e3o vermelha do Col\u00e9gio, meias brancas e cal\u00e7ado desportivo adequado \u00e0 pr\u00e1tica da modalidade desportiva em causa.<\/li>\n<\/ul>\n<p><strong>4.\u00ba ao 9.\u00ba anos | Sigea<\/strong><br \/>\nO fornecedor \u00e9 \u201cPipinhas &amp; Cia.\u201d (antiga Rabina) e as compras s\u00e3o efetuadas na sua loja f\u00edsica, situada na Avenida Valbom, n.o 28 E, em Cascais (Telefone: 214844443).<\/p>\n<p>O uniforme \u00e9 composto por:<\/p>\n<ul>\n<li>Boys: white shirt or school polo, navy blue pullover or school sweatshirt, grey trousers or shorts and dark grey socks;<\/li>\n<li>Girls: white shirt or school polo, navy blue pullover or school sweatshirt, grey skirt \/ skort, grey trousers and dark grey socks;<\/li>\n<li>Educa\u00e7\u00e3o F\u00edsica: t-shirt do Col\u00e9gio, sweatshirt azul do Col\u00e9gio, cal\u00e7as desportivas cinzentas, cal\u00e7\u00f5es azul-escuros do Col\u00e9gio, meias azul-escuras e cal\u00e7ado desportivo adequado \u00e0 pr\u00e1tica da modalidade desportiva em causa.<\/li>\n<\/ul>\n\t<\/div>\r\n<\/div>\r\n\r\n\r\n\r\n<div class=\"divider-wrap\" data-alignment=\"default\"><div style=\"height: 25px;\" class=\"divider\"><\/div><\/div>\n\t\t\t<\/div> \n\t\t<\/div>\n\t<\/div> \n\n\t<div  class=\"vc_col-sm-4 wpb_column column_container vc_column_container col no-extra-padding inherit_tablet inherit_phone\"  data-padding-pos=\"all\" data-has-bg-color=\"false\" data-bg-color=\"\" data-bg-opacity=\"1\" data-animation=\"\" data-delay=\"0\" >\n\t\t<div class=\"vc_column-inner\" >\n\t\t\t<div class=\"wpb_wrapper\">\n\t\t\t\t\n\t\t\t<\/div> \n\t\t<\/div>\n\t<\/div> \n<\/div><\/div>\r\n\t\t<div id=\"fws_69eb261d8f350\"  data-column-margin=\"default\" data-midnight=\"dark\" data-top-percent=\"2%\" data-bottom-percent=\"2%\"  class=\"wpb_row vc_row-fluid vc_row calltoaction\"  style=\"padding-top: calc(100vw * 0.02); padding-bottom: calc(100vw * 0.02); \"><div class=\"row-bg-wrap\" data-bg-animation=\"none\" data-bg-overlay=\"false\"><div class=\"inner-wrap\"><div class=\"row-bg viewport-desktop\"  style=\"\"><\/div><\/div><\/div><div class=\"row_col_wrap_12 col span_12 dark center\">\n\t<div  class=\"vc_col-sm-12 wpb_column column_container vc_column_container col no-extra-padding inherit_tablet inherit_phone\"  data-padding-pos=\"all\" data-has-bg-color=\"false\" data-bg-color=\"\" data-bg-opacity=\"1\" data-animation=\"\" data-delay=\"0\" >\n\t\t<div class=\"vc_column-inner\" >\n\t\t\t<div class=\"wpb_wrapper\">\n\t\t\t\t\r\n<div class=\"wpb_text_column wpb_content_element\" >\r\n\t<div class=\"wpb_wrapper\">\r\n\t\t<h2>Want to know more about our school?<\/h2>\n\t<\/div>\r\n<\/div>\r\n\r\n\r\n\r\n<div class=\"divider-wrap\" data-alignment=\"default\"><div style=\"height: 50px;\" class=\"divider\"><\/div><\/div><div class=\"nectar-cta  alignment_tablet_default alignment_phone_default display_tablet_inherit display_phone_inherit\" data-color=\"default\" data-using-bg=\"false\" data-display=\"block\" data-style=\"underline\" data-alignment=\"center\" data-text-color=\"custom\" ><h5 style=\"color: #333333;\"> <span class=\"text\"> <\/span><span class=\"link_wrap\" ><a  class=\"link_text\" style=\"border-color: #333333;\" href=\"\/en\/contactos\/\">Contact us<\/a><\/span><\/h5><\/div>\n\t\t\t<\/div> \n\t\t<\/div>\n\t<\/div> \n<\/div><\/div>","protected":false},"excerpt":{"rendered":"Uniformes O uniforme do Col\u00e9gio consta de: Educa\u00e7\u00e3o Pr\u00e9-Escolar, 1.\u00ba, 2.\u00ba e 3\u00ba anos | Maple Bear O fornecedor \u00e9 \"Bold Uniforms\" (Fernando Medeiros) e as compras s\u00e3o efetuadas atrav\u00e9s...","protected":false},"author":1,"featured_media":0,"parent":0,"menu_order":0,"comment_status":"closed","ping_status":"closed","template":"","meta":{"_acf_changed":false,"advgb_blocks_editor_width":"","advgb_blocks_columns_visual_guide":"","_joinchat":[],"footnotes":"","_links_to":"","_links_to_target":""},"class_list":["post-174","page","type-page","status-publish"],"acf":[],"yoast_head":"<!-- This site is optimized with the Yoast SEO plugin v27.4 - https:\/\/yoast.com\/product\/yoast-seo-wordpress\/ -->\n<title>Col\u00e9gio Sigea - Maple Bear Estoril - Uniformes<\/title>\n<meta name=\"description\" content=\"Somos uma Fam\u00edlia h\u00e1 muito dedicada ao Ensino, que soube rodear-se de uma equipa competente e voluntariosa, cuja atua\u00e7\u00e3o di\u00e1ria est\u00e1 em linha com os valores defendidos pelo Col\u00e9gio.\" \/>\n<meta name=\"robots\" content=\"index, follow, max-snippet:-1, max-image-preview:large, max-video-preview:-1\" \/>\n<link rel=\"canonical\" href=\"https:\/\/sigea.stageserver.com.br\/en\/uniformes\/\" \/>\n<meta property=\"og:locale\" content=\"en_GB\" \/>\n<meta property=\"og:type\" content=\"article\" \/>\n<meta property=\"og:title\" content=\"Col\u00e9gio Sigea - Maple Bear Estoril - Uniformes\" \/>\n<meta property=\"og:description\" content=\"Somos uma Fam\u00edlia h\u00e1 muito dedicada ao Ensino, que soube rodear-se de uma equipa competente e voluntariosa, cuja atua\u00e7\u00e3o di\u00e1ria est\u00e1 em linha com os valores defendidos pelo Col\u00e9gio.\" \/>\n<meta property=\"og:url\" content=\"https:\/\/sigea.stageserver.com.br\/en\/uniformes\/\" \/>\n<meta property=\"og:site_name\" content=\"Col\u00e9gio Sigea - Maple Bear Estoril\" \/>\n<meta property=\"article:publisher\" content=\"https:\/\/www.facebook.com\/clsigea\" \/>\n<meta property=\"article:modified_time\" content=\"2026-04-02T02:04:33+00:00\" \/>\n<meta name=\"twitter:card\" content=\"summary_large_image\" \/>\n<meta name=\"twitter:label1\" content=\"Estimated reading time\" \/>\n\t<meta name=\"twitter:data1\" content=\"3 minutes\" \/>\n<script type=\"application\/ld+json\" class=\"yoast-schema-graph\">{\"@context\":\"https:\\\/\\\/schema.org\",\"@graph\":[{\"@type\":\"WebPage\",\"@id\":\"https:\\\/\\\/sigea.stageserver.com.br\\\/uniformes\\\/\",\"url\":\"https:\\\/\\\/sigea.stageserver.com.br\\\/uniformes\\\/\",\"name\":\"Col\u00e9gio Sigea - Maple Bear Estoril - Uniformes\",\"isPartOf\":{\"@id\":\"https:\\\/\\\/sigea.stageserver.com.br\\\/#website\"},\"datePublished\":\"2020-03-31T10:16:18+00:00\",\"dateModified\":\"2026-04-02T02:04:33+00:00\",\"description\":\"Somos uma Fam\u00edlia h\u00e1 muito dedicada ao Ensino, que soube rodear-se de uma equipa competente e voluntariosa, cuja atua\u00e7\u00e3o di\u00e1ria est\u00e1 em linha com os valores defendidos pelo Col\u00e9gio.\",\"breadcrumb\":{\"@id\":\"https:\\\/\\\/sigea.stageserver.com.br\\\/uniformes\\\/#breadcrumb\"},\"inLanguage\":\"en-GB\",\"potentialAction\":[{\"@type\":\"ReadAction\",\"target\":[\"https:\\\/\\\/sigea.stageserver.com.br\\\/uniformes\\\/\"]}]},{\"@type\":\"BreadcrumbList\",\"@id\":\"https:\\\/\\\/sigea.stageserver.com.br\\\/uniformes\\\/#breadcrumb\",\"itemListElement\":[{\"@type\":\"ListItem\",\"position\":1,\"name\":\"In\u00edcio\",\"item\":\"https:\\\/\\\/sigea.stageserver.com.br\\\/\"},{\"@type\":\"ListItem\",\"position\":2,\"name\":\"Uniformes\"}]},{\"@type\":\"WebSite\",\"@id\":\"https:\\\/\\\/sigea.stageserver.com.br\\\/#website\",\"url\":\"https:\\\/\\\/sigea.stageserver.com.br\\\/\",\"name\":\"Col\u00e9gio Sigea - Maple Bear Estoril\",\"description\":\"Educar com Valores. Pensar global, agir local.\",\"publisher\":{\"@id\":\"https:\\\/\\\/sigea.stageserver.com.br\\\/#organization\"},\"potentialAction\":[{\"@type\":\"SearchAction\",\"target\":{\"@type\":\"EntryPoint\",\"urlTemplate\":\"https:\\\/\\\/sigea.stageserver.com.br\\\/?s={search_term_string}\"},\"query-input\":{\"@type\":\"PropertyValueSpecification\",\"valueRequired\":true,\"valueName\":\"search_term_string\"}}],\"inLanguage\":\"en-GB\"},{\"@type\":\"Organization\",\"@id\":\"https:\\\/\\\/sigea.stageserver.com.br\\\/#organization\",\"name\":\"Col\u00e9gio Sigea\",\"url\":\"https:\\\/\\\/sigea.stageserver.com.br\\\/\",\"logo\":{\"@type\":\"ImageObject\",\"inLanguage\":\"en-GB\",\"@id\":\"https:\\\/\\\/sigea.stageserver.com.br\\\/#\\\/schema\\\/logo\\\/image\\\/\",\"url\":\"https:\\\/\\\/sigea.stageserver.com.br\\\/wp-content\\\/uploads\\\/2019\\\/04\\\/logo-blue.png\",\"contentUrl\":\"https:\\\/\\\/sigea.stageserver.com.br\\\/wp-content\\\/uploads\\\/2019\\\/04\\\/logo-blue.png\",\"width\":150,\"height\":150,\"caption\":\"Col\u00e9gio Sigea\"},\"image\":{\"@id\":\"https:\\\/\\\/sigea.stageserver.com.br\\\/#\\\/schema\\\/logo\\\/image\\\/\"},\"sameAs\":[\"https:\\\/\\\/www.facebook.com\\\/clsigea\"]}]}<\/script>\n<!-- \/ Yoast SEO plugin. -->","yoast_head_json":{"title":"Col\u00e9gio Sigea - Maple Bear Estoril - Uniformes","description":"We are a family that has been committed to teaching for a long time and therefore were able to choose a very competent and dedicated school staff, whose daily action is always according to the school values.","robots":{"index":"index","follow":"follow","max-snippet":"max-snippet:-1","max-image-preview":"max-image-preview:large","max-video-preview":"max-video-preview:-1"},"canonical":"https:\/\/sigea.stageserver.com.br\/en\/uniformes\/","og_locale":"en_GB","og_type":"article","og_title":"Col\u00e9gio Sigea - Maple Bear Estoril - Uniformes","og_description":"Somos uma Fam\u00edlia h\u00e1 muito dedicada ao Ensino, que soube rodear-se de uma equipa competente e voluntariosa, cuja atua\u00e7\u00e3o di\u00e1ria est\u00e1 em linha com os valores defendidos pelo Col\u00e9gio.","og_url":"https:\/\/sigea.stageserver.com.br\/en\/uniformes\/","og_site_name":"Col\u00e9gio Sigea - Maple Bear Estoril","article_publisher":"https:\/\/www.facebook.com\/clsigea","article_modified_time":"2026-04-02T02:04:33+00:00","twitter_card":"summary_large_image","twitter_misc":{"Estimated reading time":"3 minutes"},"schema":{"@context":"https:\/\/schema.org","@graph":[{"@type":"WebPage","@id":"https:\/\/sigea.stageserver.com.br\/uniformes\/","url":"https:\/\/sigea.stageserver.com.br\/uniformes\/","name":"Col\u00e9gio Sigea - Maple Bear Estoril - Uniformes","isPartOf":{"@id":"https:\/\/sigea.stageserver.com.br\/#website"},"datePublished":"2020-03-31T10:16:18+00:00","dateModified":"2026-04-02T02:04:33+00:00","description":"We are a family that has been committed to teaching for a long time and therefore were able to choose a very competent and dedicated school staff, whose daily action is always according to the school values.","breadcrumb":{"@id":"https:\/\/sigea.stageserver.com.br\/uniformes\/#breadcrumb"},"inLanguage":"en-GB","potentialAction":[{"@type":"ReadAction","target":["https:\/\/sigea.stageserver.com.br\/uniformes\/"]}]},{"@type":"BreadcrumbList","@id":"https:\/\/sigea.stageserver.com.br\/uniformes\/#breadcrumb","itemListElement":[{"@type":"ListItem","position":1,"name":"In\u00edcio","item":"https:\/\/sigea.stageserver.com.br\/"},{"@type":"ListItem","position":2,"name":"Uniformes"}]},{"@type":"WebSite","@id":"https:\/\/sigea.stageserver.com.br\/#website","url":"https:\/\/sigea.stageserver.com.br\/","name":"Col\u00e9gio Sigea - Maple Bear Estoril","description":"Educating with Values. Think global, act local.","publisher":{"@id":"https:\/\/sigea.stageserver.com.br\/#organization"},"potentialAction":[{"@type":"SearchAction","target":{"@type":"EntryPoint","urlTemplate":"https:\/\/sigea.stageserver.com.br\/?s={search_term_string}"},"query-input":{"@type":"PropertyValueSpecification","valueRequired":true,"valueName":"search_term_string"}}],"inLanguage":"en-GB"},{"@type":"Organization","@id":"https:\/\/sigea.stageserver.com.br\/#organization","name":"Col\u00e9gio Sigea","url":"https:\/\/sigea.stageserver.com.br\/","logo":{"@type":"ImageObject","inLanguage":"en-GB","@id":"https:\/\/sigea.stageserver.com.br\/#\/schema\/logo\/image\/","url":"https:\/\/sigea.stageserver.com.br\/wp-content\/uploads\/2019\/04\/logo-blue.png","contentUrl":"https:\/\/sigea.stageserver.com.br\/wp-content\/uploads\/2019\/04\/logo-blue.png","width":150,"height":150,"caption":"Col\u00e9gio Sigea"},"image":{"@id":"https:\/\/sigea.stageserver.com.br\/#\/schema\/logo\/image\/"},"sameAs":["https:\/\/www.facebook.com\/clsigea"]}]}},"coauthors":[],"author_meta":{"author_link":"https:\/\/sigea.stageserver.com.br\/en\/author\/bastudio\/","display_name":"bastudio"},"relative_dates":{"created":"Posted 6 years ago","modified":"Updated 3 weeks ago"},"absolute_dates":{"created":"Posted on 31\/03\/2020","modified":"Updated on 02\/04\/2026"},"absolute_dates_time":{"created":"Posted on 31\/03\/2020 10:16","modified":"Updated on 02\/04\/2026 3:04"},"featured_img_caption":"","featured_img":false,"series_order":"","_links":{"self":[{"href":"https:\/\/sigea.stageserver.com.br\/en\/wp-json\/wp\/v2\/pages\/174","targetHints":{"allow":["GET"]}}],"collection":[{"href":"https:\/\/sigea.stageserver.com.br\/en\/wp-json\/wp\/v2\/pages"}],"about":[{"href":"https:\/\/sigea.stageserver.com.br\/en\/wp-json\/wp\/v2\/types\/page"}],"author":[{"embeddable":true,"href":"https:\/\/sigea.stageserver.com.br\/en\/wp-json\/wp\/v2\/users\/1"}],"replies":[{"embeddable":true,"href":"https:\/\/sigea.stageserver.com.br\/en\/wp-json\/wp\/v2\/comments?post=174"}],"version-history":[{"count":7,"href":"https:\/\/sigea.stageserver.com.br\/en\/wp-json\/wp\/v2\/pages\/174\/revisions"}],"predecessor-version":[{"id":8683,"href":"https:\/\/sigea.stageserver.com.br\/en\/wp-json\/wp\/v2\/pages\/174\/revisions\/8683"}],"wp:attachment":[{"href":"https:\/\/sigea.stageserver.com.br\/en\/wp-json\/wp\/v2\/media?parent=174"}],"curies":[{"name":"wp","href":"https:\/\/api.w.org\/{rel}","templated":true}]}}