{"id":80,"date":"2020-03-31T09:47:31","date_gmt":"2020-03-31T09:47:31","guid":{"rendered":"https:\/\/sigea.pt\/?page_id=80"},"modified":"2026-04-12T15:53:24","modified_gmt":"2026-04-12T14:53:24","slug":"1o-ciclo","status":"publish","type":"page","link":"https:\/\/sigea.stageserver.com.br\/en\/1o-ciclo\/","title":{"rendered":"1st Cycle"},"content":{"rendered":"<div id=\"fws_69eb24008743b\"  data-column-margin=\"default\" data-midnight=\"light\" data-top-percent=\"25%\" data-bottom-percent=\"5%\"  class=\"wpb_row vc_row-fluid vc_row full-width-section\"  style=\"padding-top: calc(100vw * 0.25); padding-bottom: calc(100vw * 0.05); \"><div class=\"row-bg-wrap\" data-bg-animation=\"none\" data-bg-overlay=\"true\"><div class=\"inner-wrap using-image\"><div class=\"row-bg viewport-desktop using-image\"  style=\"background-image: url(https:\/\/sigea.stageserver.com.br\/wp-content\/uploads\/2026\/04\/Banners_1.o-Ciclo_wide.png); background-position: center center; background-repeat: no-repeat; \"><\/div><\/div><div class=\"row-bg-overlay\" style=\"background-color:#020202;  opacity: 0.3; \"><\/div><\/div><div class=\"row_col_wrap_12 col span_12 light left\">\n\t<div  class=\"vc_col-sm-12 wpb_column column_container vc_column_container col no-extra-padding inherit_tablet inherit_phone\"  data-padding-pos=\"all\" data-has-bg-color=\"false\" data-bg-color=\"\" data-bg-opacity=\"1\" data-animation=\"\" data-delay=\"0\" >\n\t\t<div class=\"vc_column-inner\" >\n\t\t\t<div class=\"wpb_wrapper\">\n\t\t\t\t\r\n<div class=\"wpb_text_column wpb_content_element\" >\r\n\t<div class=\"wpb_wrapper\">\r\n\t\t<h1>1st Cycle<\/h1>\n\t<\/div>\r\n<\/div>\r\n\r\n\r\n\r\n\n\t\t\t<\/div> \n\t\t<\/div>\n\t<\/div> \n<\/div><\/div>\r\n\t\t<div id=\"fws_69eb2400880a2\"  data-column-margin=\"default\" data-midnight=\"dark\"  class=\"wpb_row vc_row-fluid vc_row\"  style=\"padding-top: 0px; padding-bottom: 0px; \"><div class=\"row-bg-wrap\" data-bg-animation=\"none\" data-bg-overlay=\"false\"><div class=\"inner-wrap\"><div class=\"row-bg viewport-desktop\"  style=\"\"><\/div><\/div><\/div><div class=\"row_col_wrap_12 col span_12 dark left\">\n\t<div  class=\"vc_col-sm-8 wpb_column column_container vc_column_container col padding-5-percent inherit_tablet inherit_phone\"  data-padding-pos=\"top\" data-has-bg-color=\"false\" data-bg-color=\"\" data-bg-opacity=\"1\" data-animation=\"\" data-delay=\"0\" >\n\t\t<div class=\"vc_column-inner\" >\n\t\t\t<div class=\"wpb_wrapper\">\n\t\t\t\t\r\n<div class=\"wpb_text_column wpb_content_element\" >\r\n\t<div class=\"wpb_wrapper\">\r\n\t\t<h3>No objetivo de um crescimento global e equilibrado do aluno, a pr\u00e1tica educativa do Col\u00e9gio promove o desenvolvimento integrado das \u00e1reas cognitiva, pessoal, social, art\u00edstica, afetiva e c\u00edvica.<\/h3>\n\t<\/div>\r\n<\/div>\r\n\r\n\r\n\r\n\n\t\t\t<\/div> \n\t\t<\/div>\n\t<\/div> \n\n\t<div  class=\"vc_col-sm-4 wpb_column column_container vc_column_container col no-extra-padding inherit_tablet inherit_phone\"  data-padding-pos=\"all\" data-has-bg-color=\"false\" data-bg-color=\"\" data-bg-opacity=\"1\" data-animation=\"\" data-delay=\"0\" >\n\t\t<div class=\"vc_column-inner\" >\n\t\t\t<div class=\"wpb_wrapper\">\n\t\t\t\t\n\t\t\t<\/div> \n\t\t<\/div>\n\t<\/div> \n<\/div><\/div>\r\n\t\t<div id=\"fws_69eb240088e9e\"  data-column-margin=\"default\" data-midnight=\"dark\"  class=\"wpb_row vc_row-fluid vc_row\"  style=\"padding-top: 0px; padding-bottom: 0px; \"><div class=\"row-bg-wrap\" data-bg-animation=\"none\" data-bg-overlay=\"false\"><div class=\"inner-wrap\"><div class=\"row-bg viewport-desktop\"  style=\"\"><\/div><\/div><\/div><div class=\"row_col_wrap_12 col span_12 dark left\">\n\t<div  class=\"vc_col-sm-8 wpb_column column_container vc_column_container col no-extra-padding inherit_tablet inherit_phone\"  data-padding-pos=\"all\" data-has-bg-color=\"false\" data-bg-color=\"\" data-bg-opacity=\"1\" data-animation=\"\" data-delay=\"0\" >\n\t\t<div class=\"vc_column-inner\" >\n\t\t\t<div class=\"wpb_wrapper\">\n\t\t\t\t\r\n<div class=\"wpb_text_column wpb_content_element\" >\r\n\t<div class=\"wpb_wrapper\">\r\n\t\t<p>No Col\u00e9gio Maple Bear Estoril &#8211; Sigea, encaramos o 1.\u00ba Ciclo como um alicerce essencial de todo o percurso educativo. Por isso, nos dois primeiros anos, integramos as melhores pr\u00e1ticas da metodologia Maple Bear, combinando:<\/p>\n<ul>\n<li>Imers\u00e3o bilingue (Portugu\u00eas\/Ingl\u00eas), no 1.\u00ba e 2.\u00ba ano, onde a aprendizagem acontece de forma natural e significativa. A cada ano letivo refor\u00e7amos a oferta bilingue; no ano letivo de 2026\/2027, o 3.\u00ba ano contar\u00e1 tamb\u00e9m com ensino bilingue.<\/li>\n<li>Pedagogia centrada no aluno, valorizando cada crian\u00e7a como indiv\u00edduo \u00fanico, dentro de um ambiente colaborativo.<\/li>\n<li>Abordagem l\u00fadica e pr\u00e1tica, que transforma a sala de aula num espa\u00e7o de descoberta ativa.<\/li>\n<\/ul>\n<p>Assumimos o papel de mediadores da aprendizagem, reconhecendo cada aluno como um ser \u00fanico e diferenciado, mas tamb\u00e9m como membro indispens\u00e1vel do grupo. Respeitamos e valorizamos as suas necessidades, interesses e potencialidades espec\u00edficas.<\/p>\n<p>Conscientes da import\u00e2ncia desta fase e da ainda fr\u00e1gil estrutura emocional das crian\u00e7as, cuidamos da cria\u00e7\u00e3o de um ambiente afetivamente rico e est\u00e1vel, que favore\u00e7a a matura\u00e7\u00e3o pessoal, social e cognitiva.<\/p>\n<p>Sem nunca esquecer o peso dos afetos na aprendizagem, investimos na forma\u00e7\u00e3o acad\u00e9mica dos nossos alunos, privilegiando uma abordagem transversal e multidisciplinar das \u00e1reas basilares de Portugu\u00eas e Matem\u00e1tica, com especial enfoque na express\u00e3o escrita e no c\u00e1lculo mental. O Estudo do Meio, o Ingl\u00eas, as Express\u00f5es Art\u00edsticas, a Educa\u00e7\u00e3o F\u00edsica e as Tecnologias n\u00e3o s\u00e3o encarados como complementos, mas como partes integrantes e fundamentais da forma\u00e7\u00e3o global dos alunos.<\/p>\n<p>A par da constru\u00e7\u00e3o interdisciplinar de saberes, \u00e9 nossa inten\u00e7\u00e3o preparar os alunos, ao longo deste per\u00edodo, para uma transi\u00e7\u00e3o o mais harmoniosa poss\u00edvel para o 2.\u00ba Ciclo, promovendo capacidades essenciais como a autonomia e a responsabilidade.<\/p>\n\t<\/div>\r\n<\/div>\r\n\r\n\r\n\r\n\n\t\t\t<\/div> \n\t\t<\/div>\n\t<\/div> \n\n\t<div  class=\"vc_col-sm-4 wpb_column column_container vc_column_container col no-extra-padding inherit_tablet inherit_phone\"  data-padding-pos=\"all\" data-has-bg-color=\"false\" data-bg-color=\"\" data-bg-opacity=\"1\" data-animation=\"\" data-delay=\"0\" >\n\t\t<div class=\"vc_column-inner\" >\n\t\t\t<div class=\"wpb_wrapper\">\n\t\t\t\t\n\t\t\t<\/div> \n\t\t<\/div>\n\t<\/div> \n<\/div><\/div>\r\n\t\t<div id=\"fws_69eb240089da4\"  data-column-margin=\"default\" data-midnight=\"dark\" data-top-percent=\"2%\" data-bottom-percent=\"2%\"  class=\"wpb_row vc_row-fluid vc_row calltoaction\"  style=\"padding-top: calc(100vw * 0.02); padding-bottom: calc(100vw * 0.02); \"><div class=\"row-bg-wrap\" data-bg-animation=\"none\" data-bg-overlay=\"false\"><div class=\"inner-wrap\"><div class=\"row-bg viewport-desktop\"  style=\"\"><\/div><\/div><\/div><div class=\"row_col_wrap_12 col span_12 dark center\">\n\t<div  class=\"vc_col-sm-12 wpb_column column_container vc_column_container col no-extra-padding inherit_tablet inherit_phone\"  data-padding-pos=\"all\" data-has-bg-color=\"false\" data-bg-color=\"\" data-bg-opacity=\"1\" data-animation=\"\" data-delay=\"0\" >\n\t\t<div class=\"vc_column-inner\" >\n\t\t\t<div class=\"wpb_wrapper\">\n\t\t\t\t\r\n<div class=\"wpb_text_column wpb_content_element\" >\r\n\t<div class=\"wpb_wrapper\">\r\n\t\t<h2>We are ready to answer your questions<\/h2>\n\t<\/div>\r\n<\/div>\r\n\r\n\r\n\r\n<div class=\"divider-wrap\" data-alignment=\"default\"><div style=\"height: 50px;\" class=\"divider\"><\/div><\/div><div class=\"nectar-cta  alignment_tablet_default alignment_phone_default display_tablet_inherit display_phone_inherit\" data-color=\"default\" data-using-bg=\"false\" data-display=\"block\" data-style=\"underline\" data-alignment=\"center\" data-text-color=\"custom\" ><h5 style=\"color: #333333;\"> <span class=\"text\"> <\/span><span class=\"link_wrap\" ><a  class=\"link_text\" style=\"border-color: #333333;\" href=\"\/en\/contactos\/\">Contact us<\/a><\/span><\/h5><\/div>\n\t\t\t<\/div> \n\t\t<\/div>\n\t<\/div> \n<\/div><\/div>","protected":false},"excerpt":{"rendered":"1.\u00ba Ciclo No objetivo de um crescimento global e equilibrado do aluno, a pr\u00e1tica educativa do Col\u00e9gio promove o desenvolvimento integrado das \u00e1reas cognitiva, pessoal, social, art\u00edstica, afetiva e c\u00edvica....","protected":false},"author":1,"featured_media":0,"parent":0,"menu_order":0,"comment_status":"closed","ping_status":"closed","template":"","meta":{"_acf_changed":false,"advgb_blocks_editor_width":"","advgb_blocks_columns_visual_guide":"","_joinchat":[],"footnotes":"","_links_to":"","_links_to_target":""},"class_list":["post-80","page","type-page","status-publish"],"acf":[],"yoast_head":"<!-- This site is optimized with the Yoast SEO plugin v27.4 - https:\/\/yoast.com\/product\/yoast-seo-wordpress\/ -->\n<title>Col\u00e9gio Sigea - Maple Bear Estoril - 1.\u00ba Ciclo<\/title>\n<meta name=\"description\" content=\"Somos uma Fam\u00edlia h\u00e1 muito dedicada ao Ensino, que soube rodear-se de uma equipa competente e voluntariosa, cuja atua\u00e7\u00e3o di\u00e1ria est\u00e1 em linha com os valores defendidos pelo Col\u00e9gio.\" \/>\n<meta name=\"robots\" content=\"index, follow, max-snippet:-1, max-image-preview:large, max-video-preview:-1\" \/>\n<link rel=\"canonical\" href=\"https:\/\/sigea.stageserver.com.br\/en\/1o-ciclo\/\" \/>\n<meta property=\"og:locale\" content=\"en_GB\" \/>\n<meta property=\"og:type\" content=\"article\" \/>\n<meta property=\"og:title\" content=\"Col\u00e9gio Sigea - Maple Bear Estoril - 1.\u00ba Ciclo\" \/>\n<meta property=\"og:description\" content=\"Somos uma Fam\u00edlia h\u00e1 muito dedicada ao Ensino, que soube rodear-se de uma equipa competente e voluntariosa, cuja atua\u00e7\u00e3o di\u00e1ria est\u00e1 em linha com os valores defendidos pelo Col\u00e9gio.\" \/>\n<meta property=\"og:url\" content=\"https:\/\/sigea.stageserver.com.br\/en\/1o-ciclo\/\" \/>\n<meta property=\"og:site_name\" content=\"Col\u00e9gio Sigea - Maple Bear Estoril\" \/>\n<meta property=\"article:publisher\" content=\"https:\/\/www.facebook.com\/clsigea\" \/>\n<meta property=\"article:modified_time\" content=\"2026-04-12T14:53:24+00:00\" \/>\n<meta name=\"twitter:card\" content=\"summary_large_image\" \/>\n<meta name=\"twitter:label1\" content=\"Estimated reading time\" \/>\n\t<meta name=\"twitter:data1\" content=\"4 minutes\" \/>\n<script type=\"application\/ld+json\" class=\"yoast-schema-graph\">{\"@context\":\"https:\\\/\\\/schema.org\",\"@graph\":[{\"@type\":\"WebPage\",\"@id\":\"https:\\\/\\\/sigea.stageserver.com.br\\\/1o-ciclo\\\/\",\"url\":\"https:\\\/\\\/sigea.stageserver.com.br\\\/1o-ciclo\\\/\",\"name\":\"Col\u00e9gio Sigea - Maple Bear Estoril - 1.\u00ba Ciclo\",\"isPartOf\":{\"@id\":\"https:\\\/\\\/sigea.stageserver.com.br\\\/#website\"},\"datePublished\":\"2020-03-31T09:47:31+00:00\",\"dateModified\":\"2026-04-12T14:53:24+00:00\",\"description\":\"Somos uma Fam\u00edlia h\u00e1 muito dedicada ao Ensino, que soube rodear-se de uma equipa competente e voluntariosa, cuja atua\u00e7\u00e3o di\u00e1ria est\u00e1 em linha com os valores defendidos pelo Col\u00e9gio.\",\"breadcrumb\":{\"@id\":\"https:\\\/\\\/sigea.stageserver.com.br\\\/1o-ciclo\\\/#breadcrumb\"},\"inLanguage\":\"en-GB\",\"potentialAction\":[{\"@type\":\"ReadAction\",\"target\":[\"https:\\\/\\\/sigea.stageserver.com.br\\\/1o-ciclo\\\/\"]}]},{\"@type\":\"BreadcrumbList\",\"@id\":\"https:\\\/\\\/sigea.stageserver.com.br\\\/1o-ciclo\\\/#breadcrumb\",\"itemListElement\":[{\"@type\":\"ListItem\",\"position\":1,\"name\":\"In\u00edcio\",\"item\":\"https:\\\/\\\/sigea.stageserver.com.br\\\/\"},{\"@type\":\"ListItem\",\"position\":2,\"name\":\"1.\u00ba Ciclo\"}]},{\"@type\":\"WebSite\",\"@id\":\"https:\\\/\\\/sigea.stageserver.com.br\\\/#website\",\"url\":\"https:\\\/\\\/sigea.stageserver.com.br\\\/\",\"name\":\"Col\u00e9gio Sigea - Maple Bear Estoril\",\"description\":\"Educar com Valores. Pensar global, agir local.\",\"publisher\":{\"@id\":\"https:\\\/\\\/sigea.stageserver.com.br\\\/#organization\"},\"potentialAction\":[{\"@type\":\"SearchAction\",\"target\":{\"@type\":\"EntryPoint\",\"urlTemplate\":\"https:\\\/\\\/sigea.stageserver.com.br\\\/?s={search_term_string}\"},\"query-input\":{\"@type\":\"PropertyValueSpecification\",\"valueRequired\":true,\"valueName\":\"search_term_string\"}}],\"inLanguage\":\"en-GB\"},{\"@type\":\"Organization\",\"@id\":\"https:\\\/\\\/sigea.stageserver.com.br\\\/#organization\",\"name\":\"Col\u00e9gio Sigea\",\"url\":\"https:\\\/\\\/sigea.stageserver.com.br\\\/\",\"logo\":{\"@type\":\"ImageObject\",\"inLanguage\":\"en-GB\",\"@id\":\"https:\\\/\\\/sigea.stageserver.com.br\\\/#\\\/schema\\\/logo\\\/image\\\/\",\"url\":\"https:\\\/\\\/sigea.stageserver.com.br\\\/wp-content\\\/uploads\\\/2019\\\/04\\\/logo-blue.png\",\"contentUrl\":\"https:\\\/\\\/sigea.stageserver.com.br\\\/wp-content\\\/uploads\\\/2019\\\/04\\\/logo-blue.png\",\"width\":150,\"height\":150,\"caption\":\"Col\u00e9gio Sigea\"},\"image\":{\"@id\":\"https:\\\/\\\/sigea.stageserver.com.br\\\/#\\\/schema\\\/logo\\\/image\\\/\"},\"sameAs\":[\"https:\\\/\\\/www.facebook.com\\\/clsigea\"]}]}<\/script>\n<!-- \/ Yoast SEO plugin. -->","yoast_head_json":{"title":"Col\u00e9gio Sigea - Maple Bear Estoril - 1.\u00ba Ciclo","description":"We are a family that has been committed to teaching for a long time and therefore were able to choose a very competent and dedicated school staff, whose daily action is always according to the school values.","robots":{"index":"index","follow":"follow","max-snippet":"max-snippet:-1","max-image-preview":"max-image-preview:large","max-video-preview":"max-video-preview:-1"},"canonical":"https:\/\/sigea.stageserver.com.br\/en\/1o-ciclo\/","og_locale":"en_GB","og_type":"article","og_title":"Col\u00e9gio Sigea - Maple Bear Estoril - 1.\u00ba Ciclo","og_description":"Somos uma Fam\u00edlia h\u00e1 muito dedicada ao Ensino, que soube rodear-se de uma equipa competente e voluntariosa, cuja atua\u00e7\u00e3o di\u00e1ria est\u00e1 em linha com os valores defendidos pelo Col\u00e9gio.","og_url":"https:\/\/sigea.stageserver.com.br\/en\/1o-ciclo\/","og_site_name":"Col\u00e9gio Sigea - Maple Bear Estoril","article_publisher":"https:\/\/www.facebook.com\/clsigea","article_modified_time":"2026-04-12T14:53:24+00:00","twitter_card":"summary_large_image","twitter_misc":{"Estimated reading time":"4 minutes"},"schema":{"@context":"https:\/\/schema.org","@graph":[{"@type":"WebPage","@id":"https:\/\/sigea.stageserver.com.br\/1o-ciclo\/","url":"https:\/\/sigea.stageserver.com.br\/1o-ciclo\/","name":"Col\u00e9gio Sigea - Maple Bear Estoril - 1.\u00ba Ciclo","isPartOf":{"@id":"https:\/\/sigea.stageserver.com.br\/#website"},"datePublished":"2020-03-31T09:47:31+00:00","dateModified":"2026-04-12T14:53:24+00:00","description":"We are a family that has been committed to teaching for a long time and therefore were able to choose a very competent and dedicated school staff, whose daily action is always according to the school values.","breadcrumb":{"@id":"https:\/\/sigea.stageserver.com.br\/1o-ciclo\/#breadcrumb"},"inLanguage":"en-GB","potentialAction":[{"@type":"ReadAction","target":["https:\/\/sigea.stageserver.com.br\/1o-ciclo\/"]}]},{"@type":"BreadcrumbList","@id":"https:\/\/sigea.stageserver.com.br\/1o-ciclo\/#breadcrumb","itemListElement":[{"@type":"ListItem","position":1,"name":"In\u00edcio","item":"https:\/\/sigea.stageserver.com.br\/"},{"@type":"ListItem","position":2,"name":"1.\u00ba Ciclo"}]},{"@type":"WebSite","@id":"https:\/\/sigea.stageserver.com.br\/#website","url":"https:\/\/sigea.stageserver.com.br\/","name":"Col\u00e9gio Sigea - Maple Bear Estoril","description":"Educating with Values. Think global, act local.","publisher":{"@id":"https:\/\/sigea.stageserver.com.br\/#organization"},"potentialAction":[{"@type":"SearchAction","target":{"@type":"EntryPoint","urlTemplate":"https:\/\/sigea.stageserver.com.br\/?s={search_term_string}"},"query-input":{"@type":"PropertyValueSpecification","valueRequired":true,"valueName":"search_term_string"}}],"inLanguage":"en-GB"},{"@type":"Organization","@id":"https:\/\/sigea.stageserver.com.br\/#organization","name":"Col\u00e9gio Sigea","url":"https:\/\/sigea.stageserver.com.br\/","logo":{"@type":"ImageObject","inLanguage":"en-GB","@id":"https:\/\/sigea.stageserver.com.br\/#\/schema\/logo\/image\/","url":"https:\/\/sigea.stageserver.com.br\/wp-content\/uploads\/2019\/04\/logo-blue.png","contentUrl":"https:\/\/sigea.stageserver.com.br\/wp-content\/uploads\/2019\/04\/logo-blue.png","width":150,"height":150,"caption":"Col\u00e9gio Sigea"},"image":{"@id":"https:\/\/sigea.stageserver.com.br\/#\/schema\/logo\/image\/"},"sameAs":["https:\/\/www.facebook.com\/clsigea"]}]}},"coauthors":[],"author_meta":{"author_link":"https:\/\/sigea.stageserver.com.br\/en\/author\/bastudio\/","display_name":"bastudio"},"relative_dates":{"created":"Posted 6 years ago","modified":"Updated 2 weeks ago"},"absolute_dates":{"created":"Posted on 31\/03\/2020","modified":"Updated on 12\/04\/2026"},"absolute_dates_time":{"created":"Posted on 31\/03\/2020 9:47","modified":"Updated on 12\/04\/2026 15:53"},"featured_img_caption":"","featured_img":false,"series_order":"","_links":{"self":[{"href":"https:\/\/sigea.stageserver.com.br\/en\/wp-json\/wp\/v2\/pages\/80","targetHints":{"allow":["GET"]}}],"collection":[{"href":"https:\/\/sigea.stageserver.com.br\/en\/wp-json\/wp\/v2\/pages"}],"about":[{"href":"https:\/\/sigea.stageserver.com.br\/en\/wp-json\/wp\/v2\/types\/page"}],"author":[{"embeddable":true,"href":"https:\/\/sigea.stageserver.com.br\/en\/wp-json\/wp\/v2\/users\/1"}],"replies":[{"embeddable":true,"href":"https:\/\/sigea.stageserver.com.br\/en\/wp-json\/wp\/v2\/comments?post=80"}],"version-history":[{"count":5,"href":"https:\/\/sigea.stageserver.com.br\/en\/wp-json\/wp\/v2\/pages\/80\/revisions"}],"predecessor-version":[{"id":8732,"href":"https:\/\/sigea.stageserver.com.br\/en\/wp-json\/wp\/v2\/pages\/80\/revisions\/8732"}],"wp:attachment":[{"href":"https:\/\/sigea.stageserver.com.br\/en\/wp-json\/wp\/v2\/media?parent=80"}],"curies":[{"name":"wp","href":"https:\/\/api.w.org\/{rel}","templated":true}]}}