{"id":82,"date":"2020-03-31T09:48:38","date_gmt":"2020-03-31T09:48:38","guid":{"rendered":"https:\/\/sigea.pt\/?page_id=82"},"modified":"2026-04-01T02:37:55","modified_gmt":"2026-04-01T01:37:55","slug":"2o-ciclo","status":"publish","type":"page","link":"https:\/\/sigea.stageserver.com.br\/en\/2o-ciclo\/","title":{"rendered":"2nd Cycle"},"content":{"rendered":"<div id=\"fws_69eb24004ea56\"  data-column-margin=\"default\" data-midnight=\"light\" data-top-percent=\"25%\" data-bottom-percent=\"5%\"  class=\"wpb_row vc_row-fluid vc_row full-width-section\"  style=\"padding-top: calc(100vw * 0.25); padding-bottom: calc(100vw * 0.05); \"><div class=\"row-bg-wrap\" data-bg-animation=\"none\" data-bg-overlay=\"true\"><div class=\"inner-wrap using-image\"><div class=\"row-bg viewport-desktop using-image\"  style=\"background-image: url(https:\/\/sigea.stageserver.com.br\/wp-content\/uploads\/2026\/04\/MB-Banners_2-Ciclo_Wide.png); background-position: center center; background-repeat: no-repeat; \"><\/div><\/div><div class=\"row-bg-overlay\" style=\"background-color:#020202;  opacity: 0.3; \"><\/div><\/div><div class=\"row_col_wrap_12 col span_12 light left\">\n\t<div  class=\"vc_col-sm-12 wpb_column column_container vc_column_container col no-extra-padding inherit_tablet inherit_phone\"  data-padding-pos=\"all\" data-has-bg-color=\"false\" data-bg-color=\"\" data-bg-opacity=\"1\" data-animation=\"\" data-delay=\"0\" >\n\t\t<div class=\"vc_column-inner\" >\n\t\t\t<div class=\"wpb_wrapper\">\n\t\t\t\t\r\n<div class=\"wpb_text_column wpb_content_element\" >\r\n\t<div class=\"wpb_wrapper\">\r\n\t\t<h1>2nd Cycle<\/h1>\n\t<\/div>\r\n<\/div>\r\n\r\n\r\n\r\n\n\t\t\t<\/div> \n\t\t<\/div>\n\t<\/div> \n<\/div><\/div>\r\n\t\t<div id=\"fws_69eb24004f745\"  data-column-margin=\"default\" data-midnight=\"dark\"  class=\"wpb_row vc_row-fluid vc_row\"  style=\"padding-top: 0px; padding-bottom: 0px; \"><div class=\"row-bg-wrap\" data-bg-animation=\"none\" data-bg-overlay=\"false\"><div class=\"inner-wrap\"><div class=\"row-bg viewport-desktop\"  style=\"\"><\/div><\/div><\/div><div class=\"row_col_wrap_12 col span_12 dark left\">\n\t<div  class=\"vc_col-sm-8 wpb_column column_container vc_column_container col padding-5-percent inherit_tablet inherit_phone\"  data-padding-pos=\"top\" data-has-bg-color=\"false\" data-bg-color=\"\" data-bg-opacity=\"1\" data-animation=\"\" data-delay=\"0\" >\n\t\t<div class=\"vc_column-inner\" >\n\t\t\t<div class=\"wpb_wrapper\">\n\t\t\t\t\r\n<div class=\"wpb_text_column wpb_content_element\" >\r\n\t<div class=\"wpb_wrapper\">\r\n\t\t<h3>Consolidados os alicerces do conhecimento, os nossos alunos entram numa nova fase, em que \u00e9 fundamental despertar e estimular o desejo de aprender. Nesta etapa, os professores apoiam os alunos para que aprendam por si pr\u00f3prios e assumam, gradualmente, a responsabilidade pelo seu processo educativo.<\/h3>\n\t<\/div>\r\n<\/div>\r\n\r\n\r\n\r\n\n\t\t\t<\/div> \n\t\t<\/div>\n\t<\/div> \n\n\t<div  class=\"vc_col-sm-4 wpb_column column_container vc_column_container col no-extra-padding inherit_tablet inherit_phone\"  data-padding-pos=\"all\" data-has-bg-color=\"false\" data-bg-color=\"\" data-bg-opacity=\"1\" data-animation=\"\" data-delay=\"0\" >\n\t\t<div class=\"vc_column-inner\" >\n\t\t\t<div class=\"wpb_wrapper\">\n\t\t\t\t\n\t\t\t<\/div> \n\t\t<\/div>\n\t<\/div> \n<\/div><\/div>\r\n\t\t<div id=\"fws_69eb2400504bb\"  data-column-margin=\"default\" data-midnight=\"dark\"  class=\"wpb_row vc_row-fluid vc_row\"  style=\"padding-top: 0px; padding-bottom: 0px; \"><div class=\"row-bg-wrap\" data-bg-animation=\"none\" data-bg-overlay=\"false\"><div class=\"inner-wrap\"><div class=\"row-bg viewport-desktop\"  style=\"\"><\/div><\/div><\/div><div class=\"row_col_wrap_12 col span_12 dark left\">\n\t<div  class=\"vc_col-sm-8 wpb_column column_container vc_column_container col no-extra-padding inherit_tablet inherit_phone\"  data-padding-pos=\"all\" data-has-bg-color=\"false\" data-bg-color=\"\" data-bg-opacity=\"1\" data-animation=\"\" data-delay=\"0\" >\n\t\t<div class=\"vc_column-inner\" >\n\t\t\t<div class=\"wpb_wrapper\">\n\t\t\t\t\r\n<div class=\"wpb_text_column wpb_content_element\" >\r\n\t<div class=\"wpb_wrapper\">\r\n\t\t<p>Consideramos que a constru\u00e7\u00e3o desta etapa ser\u00e1 uma ferramenta essencial para o futuro pessoal e acad\u00e9mico do aluno, permitindo-lhe tornar-se um adulto respons\u00e1vel, independente e aut\u00f3nomo, apto a reconhecer e superar os obst\u00e1culos inerentes ao seu crescimento.<\/p>\n<p>Apostamos no desenvolvimento da capacidade cr\u00edtica, sustentada na aptid\u00e3o de avaliar diferentes situa\u00e7\u00f5es e fomentar a pr\u00e1tica de uma liberdade respons\u00e1vel, sempre fundamentado no respeito pelos outros.<\/p>\n<p>Reconhecendo que \u00e9 nesta fase da vida que surge uma consci\u00eancia mais precisa e cr\u00edtica do mundo e da sociedade, promovemos a educa\u00e7\u00e3o para a justi\u00e7a e para o servi\u00e7o, de modo a que os alunos possam assumir, no futuro, uma posi\u00e7\u00e3o respons\u00e1vel perante a sociedade, preocupando-se igualmente com o bem-estar dos outros.<\/p>\n<p>A matriz curricular deste ciclo inclui a disciplina de <strong>Express\u00e3o Dram\u00e1tica<\/strong>, na componente de Complemento \u00e0 Educa\u00e7\u00e3o Art\u00edstica, evidenciando a clara aposta do Col\u00e9gio nesta \u00e1rea, por contribuir de forma decisiva para o desenvolvimento pessoal e social dos alunos.<\/p>\n<p>No \u00e2mbito do 2.\u00ba ciclo, existem ainda aulas de <strong>Apoio ao Estudo da disciplina de Ingl\u00eas<\/strong>, com o objetivo de refor\u00e7ar o dom\u00ednio da oralidade \u2014 essencial na aprendizagem de uma l\u00edngua estrangeira \u2014 cabendo ao professor convocar os alunos para estas sess\u00f5es.<\/p>\n<p>As turmas do 2.\u00ba ciclo disp\u00f5em tamb\u00e9m de um tempo semanal de <strong>Cidadania e Desenvolvimento<\/strong>, lecionado pelo Diretor de Turma. Esta disciplina visa desenvolver compet\u00eancias para o exerc\u00edcio da cidadania ativa, a participa\u00e7\u00e3o democr\u00e1tica, a colabora\u00e7\u00e3o e o confronto de ideias sobre temas da atualidade.<\/p>\n\t<\/div>\r\n<\/div>\r\n\r\n\r\n\r\n\n\t\t\t<\/div> \n\t\t<\/div>\n\t<\/div> \n\n\t<div  class=\"vc_col-sm-4 wpb_column column_container vc_column_container col no-extra-padding inherit_tablet inherit_phone\"  data-padding-pos=\"all\" data-has-bg-color=\"false\" data-bg-color=\"\" data-bg-opacity=\"1\" data-animation=\"\" data-delay=\"0\" >\n\t\t<div class=\"vc_column-inner\" >\n\t\t\t<div class=\"wpb_wrapper\">\n\t\t\t\t\n\t\t\t<\/div> \n\t\t<\/div>\n\t<\/div> \n<\/div><\/div>\r\n\t\t<div id=\"fws_69eb24005140a\"  data-column-margin=\"default\" data-midnight=\"dark\" data-top-percent=\"2%\" data-bottom-percent=\"2%\"  class=\"wpb_row vc_row-fluid vc_row calltoaction\"  style=\"padding-top: calc(100vw * 0.02); padding-bottom: calc(100vw * 0.02); \"><div class=\"row-bg-wrap\" data-bg-animation=\"none\" data-bg-overlay=\"false\"><div class=\"inner-wrap\"><div class=\"row-bg viewport-desktop\"  style=\"\"><\/div><\/div><\/div><div class=\"row_col_wrap_12 col span_12 dark center\">\n\t<div  class=\"vc_col-sm-12 wpb_column column_container vc_column_container col no-extra-padding inherit_tablet inherit_phone\"  data-padding-pos=\"all\" data-has-bg-color=\"false\" data-bg-color=\"\" data-bg-opacity=\"1\" data-animation=\"\" data-delay=\"0\" >\n\t\t<div class=\"vc_column-inner\" >\n\t\t\t<div class=\"wpb_wrapper\">\n\t\t\t\t\r\n<div class=\"wpb_text_column wpb_content_element\" >\r\n\t<div class=\"wpb_wrapper\">\r\n\t\t<h2>Still have any questions?<\/h2>\n\t<\/div>\r\n<\/div>\r\n\r\n\r\n\r\n<div class=\"divider-wrap\" data-alignment=\"default\"><div style=\"height: 50px;\" class=\"divider\"><\/div><\/div><div class=\"nectar-cta  alignment_tablet_default alignment_phone_default display_tablet_inherit display_phone_inherit\" data-color=\"default\" data-using-bg=\"false\" data-display=\"block\" data-style=\"underline\" data-alignment=\"center\" data-text-color=\"custom\" ><h5 style=\"color: #333333;\"> <span class=\"text\"> <\/span><span class=\"link_wrap\" ><a  class=\"link_text\" style=\"border-color: #333333;\" href=\"\/en\/contactos\/\">Contact us<\/a><\/span><\/h5><\/div>\n\t\t\t<\/div> \n\t\t<\/div>\n\t<\/div> \n<\/div><\/div>","protected":false},"excerpt":{"rendered":"2.\u00ba Ciclo Consolidados os alicerces do conhecimento, os nossos alunos entram numa nova fase, em que \u00e9 fundamental despertar e estimular o desejo de aprender. Nesta etapa, os professores apoiam...","protected":false},"author":1,"featured_media":0,"parent":0,"menu_order":0,"comment_status":"closed","ping_status":"closed","template":"","meta":{"_acf_changed":false,"advgb_blocks_editor_width":"","advgb_blocks_columns_visual_guide":"","_joinchat":[],"footnotes":"","_links_to":"","_links_to_target":""},"class_list":["post-82","page","type-page","status-publish"],"acf":[],"yoast_head":"<!-- This site is optimized with the Yoast SEO plugin v27.4 - https:\/\/yoast.com\/product\/yoast-seo-wordpress\/ -->\n<title>Col\u00e9gio Sigea - Maple Bear Estoril - 2.\u00ba Ciclo<\/title>\n<meta name=\"description\" content=\"Somos uma Fam\u00edlia h\u00e1 muito dedicada ao Ensino, que soube rodear-se de uma equipa competente e voluntariosa, cuja atua\u00e7\u00e3o di\u00e1ria est\u00e1 em linha com os valores defendidos pelo Col\u00e9gio.\" \/>\n<meta name=\"robots\" content=\"index, follow, max-snippet:-1, max-image-preview:large, max-video-preview:-1\" \/>\n<link rel=\"canonical\" href=\"https:\/\/sigea.stageserver.com.br\/en\/2o-ciclo\/\" \/>\n<meta property=\"og:locale\" content=\"en_GB\" \/>\n<meta property=\"og:type\" content=\"article\" \/>\n<meta property=\"og:title\" content=\"Col\u00e9gio Sigea - Maple Bear Estoril - 2.\u00ba Ciclo\" \/>\n<meta property=\"og:description\" content=\"Somos uma Fam\u00edlia h\u00e1 muito dedicada ao Ensino, que soube rodear-se de uma equipa competente e voluntariosa, cuja atua\u00e7\u00e3o di\u00e1ria est\u00e1 em linha com os valores defendidos pelo Col\u00e9gio.\" \/>\n<meta property=\"og:url\" content=\"https:\/\/sigea.stageserver.com.br\/en\/2o-ciclo\/\" \/>\n<meta property=\"og:site_name\" content=\"Col\u00e9gio Sigea - Maple Bear Estoril\" \/>\n<meta property=\"article:publisher\" content=\"https:\/\/www.facebook.com\/clsigea\" \/>\n<meta property=\"article:modified_time\" content=\"2026-04-01T01:37:55+00:00\" \/>\n<meta name=\"twitter:card\" content=\"summary_large_image\" \/>\n<meta name=\"twitter:label1\" content=\"Estimated reading time\" \/>\n\t<meta name=\"twitter:data1\" content=\"4 minutes\" \/>\n<script type=\"application\/ld+json\" class=\"yoast-schema-graph\">{\"@context\":\"https:\\\/\\\/schema.org\",\"@graph\":[{\"@type\":\"WebPage\",\"@id\":\"https:\\\/\\\/sigea.stageserver.com.br\\\/2o-ciclo\\\/\",\"url\":\"https:\\\/\\\/sigea.stageserver.com.br\\\/2o-ciclo\\\/\",\"name\":\"Col\u00e9gio Sigea - Maple Bear Estoril - 2.\u00ba Ciclo\",\"isPartOf\":{\"@id\":\"https:\\\/\\\/sigea.stageserver.com.br\\\/#website\"},\"datePublished\":\"2020-03-31T09:48:38+00:00\",\"dateModified\":\"2026-04-01T01:37:55+00:00\",\"description\":\"Somos uma Fam\u00edlia h\u00e1 muito dedicada ao Ensino, que soube rodear-se de uma equipa competente e voluntariosa, cuja atua\u00e7\u00e3o di\u00e1ria est\u00e1 em linha com os valores defendidos pelo Col\u00e9gio.\",\"breadcrumb\":{\"@id\":\"https:\\\/\\\/sigea.stageserver.com.br\\\/2o-ciclo\\\/#breadcrumb\"},\"inLanguage\":\"en-GB\",\"potentialAction\":[{\"@type\":\"ReadAction\",\"target\":[\"https:\\\/\\\/sigea.stageserver.com.br\\\/2o-ciclo\\\/\"]}]},{\"@type\":\"BreadcrumbList\",\"@id\":\"https:\\\/\\\/sigea.stageserver.com.br\\\/2o-ciclo\\\/#breadcrumb\",\"itemListElement\":[{\"@type\":\"ListItem\",\"position\":1,\"name\":\"In\u00edcio\",\"item\":\"https:\\\/\\\/sigea.stageserver.com.br\\\/\"},{\"@type\":\"ListItem\",\"position\":2,\"name\":\"2.\u00ba Ciclo\"}]},{\"@type\":\"WebSite\",\"@id\":\"https:\\\/\\\/sigea.stageserver.com.br\\\/#website\",\"url\":\"https:\\\/\\\/sigea.stageserver.com.br\\\/\",\"name\":\"Col\u00e9gio Sigea - Maple Bear Estoril\",\"description\":\"Educar com Valores. Pensar global, agir local.\",\"publisher\":{\"@id\":\"https:\\\/\\\/sigea.stageserver.com.br\\\/#organization\"},\"potentialAction\":[{\"@type\":\"SearchAction\",\"target\":{\"@type\":\"EntryPoint\",\"urlTemplate\":\"https:\\\/\\\/sigea.stageserver.com.br\\\/?s={search_term_string}\"},\"query-input\":{\"@type\":\"PropertyValueSpecification\",\"valueRequired\":true,\"valueName\":\"search_term_string\"}}],\"inLanguage\":\"en-GB\"},{\"@type\":\"Organization\",\"@id\":\"https:\\\/\\\/sigea.stageserver.com.br\\\/#organization\",\"name\":\"Col\u00e9gio Sigea\",\"url\":\"https:\\\/\\\/sigea.stageserver.com.br\\\/\",\"logo\":{\"@type\":\"ImageObject\",\"inLanguage\":\"en-GB\",\"@id\":\"https:\\\/\\\/sigea.stageserver.com.br\\\/#\\\/schema\\\/logo\\\/image\\\/\",\"url\":\"https:\\\/\\\/sigea.stageserver.com.br\\\/wp-content\\\/uploads\\\/2019\\\/04\\\/logo-blue.png\",\"contentUrl\":\"https:\\\/\\\/sigea.stageserver.com.br\\\/wp-content\\\/uploads\\\/2019\\\/04\\\/logo-blue.png\",\"width\":150,\"height\":150,\"caption\":\"Col\u00e9gio Sigea\"},\"image\":{\"@id\":\"https:\\\/\\\/sigea.stageserver.com.br\\\/#\\\/schema\\\/logo\\\/image\\\/\"},\"sameAs\":[\"https:\\\/\\\/www.facebook.com\\\/clsigea\"]}]}<\/script>\n<!-- \/ Yoast SEO plugin. -->","yoast_head_json":{"title":"Col\u00e9gio Sigea - Maple Bear Estoril - 2.\u00ba Ciclo","description":"We are a family that has been committed to teaching for a long time and therefore were able to choose a very competent and dedicated school staff, whose daily action is always according to the school values.","robots":{"index":"index","follow":"follow","max-snippet":"max-snippet:-1","max-image-preview":"max-image-preview:large","max-video-preview":"max-video-preview:-1"},"canonical":"https:\/\/sigea.stageserver.com.br\/en\/2o-ciclo\/","og_locale":"en_GB","og_type":"article","og_title":"Col\u00e9gio Sigea - Maple Bear Estoril - 2.\u00ba Ciclo","og_description":"Somos uma Fam\u00edlia h\u00e1 muito dedicada ao Ensino, que soube rodear-se de uma equipa competente e voluntariosa, cuja atua\u00e7\u00e3o di\u00e1ria est\u00e1 em linha com os valores defendidos pelo Col\u00e9gio.","og_url":"https:\/\/sigea.stageserver.com.br\/en\/2o-ciclo\/","og_site_name":"Col\u00e9gio Sigea - Maple Bear Estoril","article_publisher":"https:\/\/www.facebook.com\/clsigea","article_modified_time":"2026-04-01T01:37:55+00:00","twitter_card":"summary_large_image","twitter_misc":{"Estimated reading time":"4 minutes"},"schema":{"@context":"https:\/\/schema.org","@graph":[{"@type":"WebPage","@id":"https:\/\/sigea.stageserver.com.br\/2o-ciclo\/","url":"https:\/\/sigea.stageserver.com.br\/2o-ciclo\/","name":"Col\u00e9gio Sigea - Maple Bear Estoril - 2.\u00ba Ciclo","isPartOf":{"@id":"https:\/\/sigea.stageserver.com.br\/#website"},"datePublished":"2020-03-31T09:48:38+00:00","dateModified":"2026-04-01T01:37:55+00:00","description":"We are a family that has been committed to teaching for a long time and therefore were able to choose a very competent and dedicated school staff, whose daily action is always according to the school values.","breadcrumb":{"@id":"https:\/\/sigea.stageserver.com.br\/2o-ciclo\/#breadcrumb"},"inLanguage":"en-GB","potentialAction":[{"@type":"ReadAction","target":["https:\/\/sigea.stageserver.com.br\/2o-ciclo\/"]}]},{"@type":"BreadcrumbList","@id":"https:\/\/sigea.stageserver.com.br\/2o-ciclo\/#breadcrumb","itemListElement":[{"@type":"ListItem","position":1,"name":"In\u00edcio","item":"https:\/\/sigea.stageserver.com.br\/"},{"@type":"ListItem","position":2,"name":"2.\u00ba Ciclo"}]},{"@type":"WebSite","@id":"https:\/\/sigea.stageserver.com.br\/#website","url":"https:\/\/sigea.stageserver.com.br\/","name":"Col\u00e9gio Sigea - Maple Bear Estoril","description":"Educating with Values. Think global, act local.","publisher":{"@id":"https:\/\/sigea.stageserver.com.br\/#organization"},"potentialAction":[{"@type":"SearchAction","target":{"@type":"EntryPoint","urlTemplate":"https:\/\/sigea.stageserver.com.br\/?s={search_term_string}"},"query-input":{"@type":"PropertyValueSpecification","valueRequired":true,"valueName":"search_term_string"}}],"inLanguage":"en-GB"},{"@type":"Organization","@id":"https:\/\/sigea.stageserver.com.br\/#organization","name":"Col\u00e9gio Sigea","url":"https:\/\/sigea.stageserver.com.br\/","logo":{"@type":"ImageObject","inLanguage":"en-GB","@id":"https:\/\/sigea.stageserver.com.br\/#\/schema\/logo\/image\/","url":"https:\/\/sigea.stageserver.com.br\/wp-content\/uploads\/2019\/04\/logo-blue.png","contentUrl":"https:\/\/sigea.stageserver.com.br\/wp-content\/uploads\/2019\/04\/logo-blue.png","width":150,"height":150,"caption":"Col\u00e9gio Sigea"},"image":{"@id":"https:\/\/sigea.stageserver.com.br\/#\/schema\/logo\/image\/"},"sameAs":["https:\/\/www.facebook.com\/clsigea"]}]}},"coauthors":[],"author_meta":{"author_link":"https:\/\/sigea.stageserver.com.br\/en\/author\/bastudio\/","display_name":"bastudio"},"relative_dates":{"created":"Posted 6 years ago","modified":"Updated 3 weeks ago"},"absolute_dates":{"created":"Posted on 31\/03\/2020","modified":"Updated on 01\/04\/2026"},"absolute_dates_time":{"created":"Posted on 31\/03\/2020 9:48","modified":"Updated on 01\/04\/2026 2:37"},"featured_img_caption":"","featured_img":false,"series_order":"","_links":{"self":[{"href":"https:\/\/sigea.stageserver.com.br\/en\/wp-json\/wp\/v2\/pages\/82","targetHints":{"allow":["GET"]}}],"collection":[{"href":"https:\/\/sigea.stageserver.com.br\/en\/wp-json\/wp\/v2\/pages"}],"about":[{"href":"https:\/\/sigea.stageserver.com.br\/en\/wp-json\/wp\/v2\/types\/page"}],"author":[{"embeddable":true,"href":"https:\/\/sigea.stageserver.com.br\/en\/wp-json\/wp\/v2\/users\/1"}],"replies":[{"embeddable":true,"href":"https:\/\/sigea.stageserver.com.br\/en\/wp-json\/wp\/v2\/comments?post=82"}],"version-history":[{"count":2,"href":"https:\/\/sigea.stageserver.com.br\/en\/wp-json\/wp\/v2\/pages\/82\/revisions"}],"predecessor-version":[{"id":8646,"href":"https:\/\/sigea.stageserver.com.br\/en\/wp-json\/wp\/v2\/pages\/82\/revisions\/8646"}],"wp:attachment":[{"href":"https:\/\/sigea.stageserver.com.br\/en\/wp-json\/wp\/v2\/media?parent=82"}],"curies":[{"name":"wp","href":"https:\/\/api.w.org\/{rel}","templated":true}]}}